{"id":3265,"date":"2024-11-05T04:18:07","date_gmt":"2024-11-05T04:18:07","guid":{"rendered":"https:\/\/carvildc.com\/?post_type=product&#038;p=3265"},"modified":"2025-07-11T07:41:57","modified_gmt":"2025-07-11T07:41:57","slug":"cople-de-compresion","status":"publish","type":"product","link":"https:\/\/carvildc.com\/index.php\/producto\/cople-de-compresion\/","title":{"rendered":"COPLE DE COMPRESI\u00d3N"},"content":{"rendered":"<p>1.<br \/>\nCuerpo\/Cuerpo:<br \/>\nPolipropileno \/ Polipropileno<br \/>\n2.<br \/>\nO ring \/ Juntas t\u00f3ricas:<br \/>\nCaucho \/ Caucho<br \/>\n3.<br \/>\nAnillo de compresi\u00f3n \/ Casquillo de apriete:<br \/>\nPolipropileno \/ Polipropileno<br \/>\n4.<br \/>\nAnillo de agarre \/ Bicono de agarre:<br \/>\nResina Poliacetal \/ Resina acet\u00e1lica<br \/>\n5.<br \/>\nTuerca\/Tuerca: Polipropileno\/Polipropileno<br \/>\nINFORMACI\u00d3N: Todas las piezas con rosca hembra est\u00e1n reforzadas con anillo met\u00e1lico en acero<br \/>\ninoxidable. \/ Todas las piezas rosca hembra van reforzadas con aro met\u00e1lico en acero inoxidable.<\/p>\n<p>The universal kit is compatible with any fitting. He allows the transition between pipes made from any material, sizes from 15 to 50mm (1 \/ 2&#8243;-1 1\/2&#8243;) To any polyethylene pipe between 16 and 50mm.<br \/>\nEl kit adaptador universal es compatible con cualquier accesorio y permite uniones entre cualquier tipo de tuber\u00eda de me- didas entre 15 y 50mm (1\/2&#8243; &#8211; 1 1\/2&#8243;) con tuber\u00eda de polietileno m\u00e9trico de 16 a 50mm.<br \/>\n1 2 3 4<br \/>\nMaterials \/ Materiales Component \/ Componente Material<br \/>\n1<br \/>\nCompression Nut \/ Tuerca de compresi\u00f3n<br \/>\npolypropilene \/ polipropileno 2 Slip ring \/ Bicono universal polyacetal resin \/ resina acet\u00e1lica<br \/>\n3<br \/>\nCompression ring \/ Casquillo<br \/>\npolypropilene \/ polipropileno 4 Universal ruber \/ Junta universal Rubber \/ caucho<\/p>\n","protected":false},"excerpt":{"rendered":"<p>1.<br \/>\nCuerpo\/Cuerpo:<br \/>\nPolipropileno \/ Polipropileno<br \/>\n2.<br \/>\nO ring \/ Juntas t\u00f3ricas:<br \/>\nCaucho \/ Caucho<br \/>\n3.<br \/>\nAnillo de compresi\u00f3n \/ Casquillo de apriete:<br \/>\nPolipropileno \/ Polipropileno<br \/>\n4.<br \/>\nAnillo de agarre \/ Bicono de agarre:<br \/>\nResina Poliacetal \/ Resina acet\u00e1lica<br \/>\n5.<br \/>\nTuerca\/Tuerca: Polipropileno\/Polipropileno<br \/>\nINFORMACI\u00d3N: Todas las piezas con rosca hembra est\u00e1n reforzadas con anillo met\u00e1lico en acero<br \/>\ninoxidable. \/ Todas las piezas rosca hembra van reforzadas con aro met\u00e1lico en acero inoxidable.<\/p>\n<p>The universal kit is compatible with any fitting. He allows the transition between pipes made from any material, sizes from 15 to 50mm (1 \/ 2&#8243;-1 1\/2&#8243;) To any polyethylene pipe between 16 and 50mm.<br \/>\nEl kit adaptador universal es compatible con cualquier accesorio y permite uniones entre cualquier tipo de tuber\u00eda de me- didas entre 15 y 50mm (1\/2&#8243; &#8211; 1 1\/2&#8243;) con tuber\u00eda de polietileno m\u00e9trico de 16 a 50mm.<br \/>\n1 2 3 4<br \/>\nMaterials \/ Materiales Component \/ Componente Material<br \/>\n1<br \/>\nCompression Nut \/ Tuerca de compresi\u00f3n<br \/>\npolypropilene \/ polipropileno 2 Slip ring \/ Bicono universal polyacetal resin \/ resina acet\u00e1lica<br \/>\n3<br \/>\nCompression ring \/ Casquillo<br \/>\npolypropilene \/ polipropileno 4 Universal ruber \/ Junta universal Rubber \/ caucho<\/p>\n","protected":false},"featured_media":3221,"comment_status":"open","ping_status":"closed","template":"","meta":{"om_disable_all_campaigns":false,"site-sidebar-layout":"default","site-content-layout":"","ast-site-content-layout":"default","site-content-style":"default","site-sidebar-style":"default","ast-global-header-display":"","ast-banner-title-visibility":"","ast-main-header-display":"","ast-hfb-above-header-display":"","ast-hfb-below-header-display":"","ast-hfb-mobile-header-display":"","site-post-title":"","ast-breadcrumbs-content":"","ast-featured-img":"","footer-sml-layout":"","ast-disable-related-posts":"","theme-transparent-header-meta":"default","adv-header-id-meta":"","stick-header-meta":"","header-above-stick-meta":"","header-main-stick-meta":"","header-below-stick-meta":"","astra-migrate-meta-layouts":"set","ast-page-background-enabled":"default","ast-page-background-meta":{"desktop":{"background-color":"","background-image":"","background-repeat":"repeat","background-position":"center center","background-size":"auto","background-attachment":"scroll","background-type":"","background-media":"","overlay-type":"","overlay-color":"","overlay-opacity":"","overlay-gradient":""},"tablet":{"background-color":"","background-image":"","background-repeat":"repeat","background-position":"center center","background-size":"auto","background-attachment":"scroll","background-type":"","background-media":"","overlay-type":"","overlay-color":"","overlay-opacity":"","overlay-gradient":""},"mobile":{"background-color":"","background-image":"","background-repeat":"repeat","background-position":"center center","background-size":"auto","background-attachment":"scroll","background-type":"","background-media":"","overlay-type":"","overlay-color":"","overlay-opacity":"","overlay-gradient":""}},"ast-content-background-meta":{"desktop":{"background-color":"var(--ast-global-color-5)","background-image":"","background-repeat":"repeat","background-position":"center center","background-size":"auto","background-attachment":"scroll","background-type":"","background-media":"","overlay-type":"","overlay-color":"","overlay-opacity":"","overlay-gradient":""},"tablet":{"background-color":"var(--ast-global-color-5)","background-image":"","background-repeat":"repeat","background-position":"center center","background-size":"auto","background-attachment":"scroll","background-type":"","background-media":"","overlay-type":"","overlay-color":"","overlay-opacity":"","overlay-gradient":""},"mobile":{"background-color":"var(--ast-global-color-5)","background-image":"","background-repeat":"repeat","background-position":"center center","background-size":"auto","background-attachment":"scroll","background-type":"","background-media":"","overlay-type":"","overlay-color":"","overlay-opacity":"","overlay-gradient":""}}},"product_brand":[],"product_cat":[45],"product_tag":[48,47,46],"class_list":{"0":"post-3265","1":"product","2":"type-product","3":"status-publish","4":"has-post-thumbnail","6":"product_cat-coples","7":"product_tag-agua","8":"product_tag-compresion","9":"product_tag-coples","10":"desktop-align-left","11":"tablet-align-left","12":"mobile-align-left","14":"first","15":"instock","16":"shipping-taxable","17":"product-type-simple"},"aioseo_notices":[],"_links":{"self":[{"href":"https:\/\/carvildc.com\/index.php\/wp-json\/wp\/v2\/product\/3265","targetHints":{"allow":["GET"]}}],"collection":[{"href":"https:\/\/carvildc.com\/index.php\/wp-json\/wp\/v2\/product"}],"about":[{"href":"https:\/\/carvildc.com\/index.php\/wp-json\/wp\/v2\/types\/product"}],"replies":[{"embeddable":true,"href":"https:\/\/carvildc.com\/index.php\/wp-json\/wp\/v2\/comments?post=3265"}],"version-history":[{"count":2,"href":"https:\/\/carvildc.com\/index.php\/wp-json\/wp\/v2\/product\/3265\/revisions"}],"predecessor-version":[{"id":3267,"href":"https:\/\/carvildc.com\/index.php\/wp-json\/wp\/v2\/product\/3265\/revisions\/3267"}],"wp:featuredmedia":[{"embeddable":true,"href":"https:\/\/carvildc.com\/index.php\/wp-json\/wp\/v2\/media\/3221"}],"wp:attachment":[{"href":"https:\/\/carvildc.com\/index.php\/wp-json\/wp\/v2\/media?parent=3265"}],"wp:term":[{"taxonomy":"product_brand","embeddable":true,"href":"https:\/\/carvildc.com\/index.php\/wp-json\/wp\/v2\/product_brand?post=3265"},{"taxonomy":"product_cat","embeddable":true,"href":"https:\/\/carvildc.com\/index.php\/wp-json\/wp\/v2\/product_cat?post=3265"},{"taxonomy":"product_tag","embeddable":true,"href":"https:\/\/carvildc.com\/index.php\/wp-json\/wp\/v2\/product_tag?post=3265"}],"curies":[{"name":"wp","href":"https:\/\/api.w.org\/{rel}","templated":true}]}}