{"id":3584,"date":"2025-08-11T01:49:39","date_gmt":"2025-08-11T01:49:39","guid":{"rendered":"https:\/\/carvildc.com\/?post_type=product&#038;p=3584"},"modified":"2025-08-11T01:49:39","modified_gmt":"2025-08-11T01:49:39","slug":"t-plast-transition","status":"publish","type":"product","link":"https:\/\/carvildc.com\/index.php\/producto\/t-plast-transition\/","title":{"rendered":"T Plast (Transition)"},"content":{"rendered":"<p>El Plast de Transici\u00f3n permite la uni\u00f3n de cualquier tuber\u00eda met\u00e1lica o de pl\u00e1stico (15 mm \u2013 \u00bd\u201d a 50 mm \u2013 1 \u00bd\u201d) para tuber\u00edas de PE desde DN16 a DN63. El Accesorio PP de Transici\u00f3n Plast es indispensable para compa\u00f1\u00edas de agua en operaciones de renovaci\u00f3n y mantenimiento de tuber\u00edas, acometidas de agua potable, tomas de abonado, instalaciones de riego, jardiner\u00eda, agricultura y canalizaciones.<\/p>\n","protected":false},"excerpt":{"rendered":"<p>El Plast de Transici\u00f3n permite la uni\u00f3n de cualquier tuber\u00eda met\u00e1lica o de pl\u00e1stico (15 mm \u2013 \u00bd\u201d a 50 mm \u2013 1 \u00bd\u201d) para tuber\u00edas de PE desde DN16 a DN63. El Accesorio PP de Transici\u00f3n Plast es indispensable para compa\u00f1\u00edas de agua en operaciones de renovaci\u00f3n y mantenimiento de tuber\u00edas, acometidas de agua potable, tomas de abonado, instalaciones de riego, jardiner\u00eda, agricultura y canalizaciones.<\/p>\n","protected":false},"featured_media":3433,"comment_status":"open","ping_status":"closed","template":"","meta":{"om_disable_all_campaigns":false,"site-sidebar-layout":"default","site-content-layout":"","ast-site-content-layout":"default","site-content-style":"default","site-sidebar-style":"default","ast-global-header-display":"","ast-banner-title-visibility":"","ast-main-header-display":"","ast-hfb-above-header-display":"","ast-hfb-below-header-display":"","ast-hfb-mobile-header-display":"","site-post-title":"","ast-breadcrumbs-content":"","ast-featured-img":"","footer-sml-layout":"","ast-disable-related-posts":"","theme-transparent-header-meta":"default","adv-header-id-meta":"","stick-header-meta":"","header-above-stick-meta":"","header-main-stick-meta":"","header-below-stick-meta":"","astra-migrate-meta-layouts":"set","ast-page-background-enabled":"default","ast-page-background-meta":{"desktop":{"background-color":"","background-image":"","background-repeat":"repeat","background-position":"center center","background-size":"auto","background-attachment":"scroll","background-type":"","background-media":"","overlay-type":"","overlay-color":"","overlay-opacity":"","overlay-gradient":""},"tablet":{"background-color":"","background-image":"","background-repeat":"repeat","background-position":"center center","background-size":"auto","background-attachment":"scroll","background-type":"","background-media":"","overlay-type":"","overlay-color":"","overlay-opacity":"","overlay-gradient":""},"mobile":{"background-color":"","background-image":"","background-repeat":"repeat","background-position":"center center","background-size":"auto","background-attachment":"scroll","background-type":"","background-media":"","overlay-type":"","overlay-color":"","overlay-opacity":"","overlay-gradient":""}},"ast-content-background-meta":{"desktop":{"background-color":"var(--ast-global-color-5)","background-image":"","background-repeat":"repeat","background-position":"center center","background-size":"auto","background-attachment":"scroll","background-type":"","background-media":"","overlay-type":"","overlay-color":"","overlay-opacity":"","overlay-gradient":""},"tablet":{"background-color":"var(--ast-global-color-5)","background-image":"","background-repeat":"repeat","background-position":"center center","background-size":"auto","background-attachment":"scroll","background-type":"","background-media":"","overlay-type":"","overlay-color":"","overlay-opacity":"","overlay-gradient":""},"mobile":{"background-color":"var(--ast-global-color-5)","background-image":"","background-repeat":"repeat","background-position":"center center","background-size":"auto","background-attachment":"scroll","background-type":"","background-media":"","overlay-type":"","overlay-color":"","overlay-opacity":"","overlay-gradient":""}}},"product_brand":[],"product_cat":[45],"product_tag":[46,59,58],"class_list":{"0":"post-3584","1":"product","2":"type-product","3":"status-publish","4":"has-post-thumbnail","6":"product_cat-coples","7":"product_tag-coples","8":"product_tag-pvc","9":"product_tag-t-plast","10":"desktop-align-left","11":"tablet-align-left","12":"mobile-align-left","14":"first","15":"instock","16":"shipping-taxable","17":"product-type-simple"},"aioseo_notices":[],"_links":{"self":[{"href":"https:\/\/carvildc.com\/index.php\/wp-json\/wp\/v2\/product\/3584","targetHints":{"allow":["GET"]}}],"collection":[{"href":"https:\/\/carvildc.com\/index.php\/wp-json\/wp\/v2\/product"}],"about":[{"href":"https:\/\/carvildc.com\/index.php\/wp-json\/wp\/v2\/types\/product"}],"replies":[{"embeddable":true,"href":"https:\/\/carvildc.com\/index.php\/wp-json\/wp\/v2\/comments?post=3584"}],"version-history":[{"count":1,"href":"https:\/\/carvildc.com\/index.php\/wp-json\/wp\/v2\/product\/3584\/revisions"}],"predecessor-version":[{"id":3585,"href":"https:\/\/carvildc.com\/index.php\/wp-json\/wp\/v2\/product\/3584\/revisions\/3585"}],"wp:featuredmedia":[{"embeddable":true,"href":"https:\/\/carvildc.com\/index.php\/wp-json\/wp\/v2\/media\/3433"}],"wp:attachment":[{"href":"https:\/\/carvildc.com\/index.php\/wp-json\/wp\/v2\/media?parent=3584"}],"wp:term":[{"taxonomy":"product_brand","embeddable":true,"href":"https:\/\/carvildc.com\/index.php\/wp-json\/wp\/v2\/product_brand?post=3584"},{"taxonomy":"product_cat","embeddable":true,"href":"https:\/\/carvildc.com\/index.php\/wp-json\/wp\/v2\/product_cat?post=3584"},{"taxonomy":"product_tag","embeddable":true,"href":"https:\/\/carvildc.com\/index.php\/wp-json\/wp\/v2\/product_tag?post=3584"}],"curies":[{"name":"wp","href":"https:\/\/api.w.org\/{rel}","templated":true}]}}