{"id":3586,"date":"2025-08-11T01:50:35","date_gmt":"2025-08-11T01:50:35","guid":{"rendered":"https:\/\/carvildc.com\/?post_type=product&#038;p=3586"},"modified":"2025-08-11T01:50:35","modified_gmt":"2025-08-11T01:50:35","slug":"plast","status":"publish","type":"product","link":"https:\/\/carvildc.com\/index.php\/producto\/plast\/","title":{"rendered":"PLAST"},"content":{"rendered":"<p>Accesorios de compresi\u00f3n en polipropileno (PP) para tuber\u00edas de polietileno (PE) Fabricados para garantizar un rendimiento \u00f3ptimo, estos accesorios pueden soportar presiones de hasta PN16 y est\u00e1n disponibles en medidas que van desde DN16 hasta DN110. Ofrecemos opciones en colores Azul y Negro. Nuestra gama PLAST est\u00e1 certificada bajo las normas internacionales ISO aplicables y no contiene aditivos t\u00f3xicos, lo que asegura su idoneidad para sistemas de agua potable y otros usos similares.<\/p>\n","protected":false},"excerpt":{"rendered":"<p>Accesorios de compresi\u00f3n en polipropileno (PP) para tuber\u00edas de polietileno (PE) Fabricados para garantizar un rendimiento \u00f3ptimo, estos accesorios pueden soportar presiones de hasta PN16 y est\u00e1n disponibles en medidas que van desde DN16 hasta DN110. Ofrecemos opciones en colores Azul y Negro. Nuestra gama PLAST est\u00e1 certificada bajo las normas internacionales ISO aplicables y no contiene aditivos t\u00f3xicos, lo que asegura su idoneidad para sistemas de agua potable y otros usos similares.<\/p>\n","protected":false},"featured_media":3333,"comment_status":"open","ping_status":"closed","template":"","meta":{"om_disable_all_campaigns":false,"site-sidebar-layout":"default","site-content-layout":"","ast-site-content-layout":"default","site-content-style":"default","site-sidebar-style":"default","ast-global-header-display":"","ast-banner-title-visibility":"","ast-main-header-display":"","ast-hfb-above-header-display":"","ast-hfb-below-header-display":"","ast-hfb-mobile-header-display":"","site-post-title":"","ast-breadcrumbs-content":"","ast-featured-img":"","footer-sml-layout":"","ast-disable-related-posts":"","theme-transparent-header-meta":"default","adv-header-id-meta":"","stick-header-meta":"","header-above-stick-meta":"","header-main-stick-meta":"","header-below-stick-meta":"","astra-migrate-meta-layouts":"set","ast-page-background-enabled":"default","ast-page-background-meta":{"desktop":{"background-color":"","background-image":"","background-repeat":"repeat","background-position":"center center","background-size":"auto","background-attachment":"scroll","background-type":"","background-media":"","overlay-type":"","overlay-color":"","overlay-opacity":"","overlay-gradient":""},"tablet":{"background-color":"","background-image":"","background-repeat":"repeat","background-position":"center center","background-size":"auto","background-attachment":"scroll","background-type":"","background-media":"","overlay-type":"","overlay-color":"","overlay-opacity":"","overlay-gradient":""},"mobile":{"background-color":"","background-image":"","background-repeat":"repeat","background-position":"center center","background-size":"auto","background-attachment":"scroll","background-type":"","background-media":"","overlay-type":"","overlay-color":"","overlay-opacity":"","overlay-gradient":""}},"ast-content-background-meta":{"desktop":{"background-color":"var(--ast-global-color-5)","background-image":"","background-repeat":"repeat","background-position":"center center","background-size":"auto","background-attachment":"scroll","background-type":"","background-media":"","overlay-type":"","overlay-color":"","overlay-opacity":"","overlay-gradient":""},"tablet":{"background-color":"var(--ast-global-color-5)","background-image":"","background-repeat":"repeat","background-position":"center center","background-size":"auto","background-attachment":"scroll","background-type":"","background-media":"","overlay-type":"","overlay-color":"","overlay-opacity":"","overlay-gradient":""},"mobile":{"background-color":"var(--ast-global-color-5)","background-image":"","background-repeat":"repeat","background-position":"center center","background-size":"auto","background-attachment":"scroll","background-type":"","background-media":"","overlay-type":"","overlay-color":"","overlay-opacity":"","overlay-gradient":""}}},"product_brand":[],"product_cat":[45],"product_tag":[48,60,59],"class_list":{"0":"post-3586","1":"product","2":"type-product","3":"status-publish","4":"has-post-thumbnail","6":"product_cat-coples","7":"product_tag-agua","8":"product_tag-plast","9":"product_tag-pvc","10":"desktop-align-left","11":"tablet-align-left","12":"mobile-align-left","14":"first","15":"instock","16":"shipping-taxable","17":"product-type-simple"},"aioseo_notices":[],"_links":{"self":[{"href":"https:\/\/carvildc.com\/index.php\/wp-json\/wp\/v2\/product\/3586","targetHints":{"allow":["GET"]}}],"collection":[{"href":"https:\/\/carvildc.com\/index.php\/wp-json\/wp\/v2\/product"}],"about":[{"href":"https:\/\/carvildc.com\/index.php\/wp-json\/wp\/v2\/types\/product"}],"replies":[{"embeddable":true,"href":"https:\/\/carvildc.com\/index.php\/wp-json\/wp\/v2\/comments?post=3586"}],"version-history":[{"count":1,"href":"https:\/\/carvildc.com\/index.php\/wp-json\/wp\/v2\/product\/3586\/revisions"}],"predecessor-version":[{"id":3587,"href":"https:\/\/carvildc.com\/index.php\/wp-json\/wp\/v2\/product\/3586\/revisions\/3587"}],"wp:featuredmedia":[{"embeddable":true,"href":"https:\/\/carvildc.com\/index.php\/wp-json\/wp\/v2\/media\/3333"}],"wp:attachment":[{"href":"https:\/\/carvildc.com\/index.php\/wp-json\/wp\/v2\/media?parent=3586"}],"wp:term":[{"taxonomy":"product_brand","embeddable":true,"href":"https:\/\/carvildc.com\/index.php\/wp-json\/wp\/v2\/product_brand?post=3586"},{"taxonomy":"product_cat","embeddable":true,"href":"https:\/\/carvildc.com\/index.php\/wp-json\/wp\/v2\/product_cat?post=3586"},{"taxonomy":"product_tag","embeddable":true,"href":"https:\/\/carvildc.com\/index.php\/wp-json\/wp\/v2\/product_tag?post=3586"}],"curies":[{"name":"wp","href":"https:\/\/api.w.org\/{rel}","templated":true}]}}